{"id":100,"date":"2024-10-30T13:29:08","date_gmt":"2024-10-30T12:29:08","guid":{"rendered":"https:\/\/shopping-assistentin.ch\/?page_id=100"},"modified":"2024-10-30T13:29:42","modified_gmt":"2024-10-30T12:29:42","slug":"impressum","status":"publish","type":"page","link":"https:\/\/shopping-assistentin.ch\/?page_id=100","title":{"rendered":"impressum"},"content":{"rendered":"<p>[et_pb_section fb_built=&#8220;1&#8243; admin_label=&#8220;Header&#8220; _builder_version=&#8220;4.18.0&#8243; _module_preset=&#8220;default&#8220; background_color=&#8220;gcid-ff366e07-a307-4da8-9d55-fe6de435fe2d&#8220; background_enable_image=&#8220;off&#8220; background_size=&#8220;initial&#8220; background_position=&#8220;top_center&#8220; overflow-x=&#8220;hidden&#8220; overflow-y=&#8220;hidden&#8220; collapsed=&#8220;on&#8220; global_colors_info=&#8220;{%22gcid-ff366e07-a307-4da8-9d55-fe6de435fe2d%22:%91%22background_color%22%93}&#8220;][et_pb_row column_structure=&#8220;3_4,1_4&#8243; _builder_version=&#8220;4.18.0&#8243; _module_preset=&#8220;default&#8220; max_width=&#8220;none&#8220; global_colors_info=&#8220;{}&#8220;][et_pb_column type=&#8220;3_4&#8243; _builder_version=&#8220;4.18.0&#8243; _module_preset=&#8220;default&#8220; global_colors_info=&#8220;{}&#8220;][et_pb_text _builder_version=&#8220;4.27.2&#8243; _module_preset=&#8220;c16985e1-e0d6-4022-964d-e2bfc04fa633&#8243; header_font=&#8220;Arial||||||||&#8220; header_font_size=&#8220;60px&#8220; header_line_height=&#8220;1.1em&#8220; text_orientation=&#8220;center&#8220; custom_margin=&#8220;||20px||false|false&#8220; header_font_size_tablet=&#8220;40px&#8220; header_font_size_phone=&#8220;24px&#8220; header_font_size_last_edited=&#8220;on|desktop&#8220; global_colors_info=&#8220;{}&#8220;]<\/p>\n<h1>\/\/ Impressum<\/h1>\n<p>[\/et_pb_text][\/et_pb_column][et_pb_column type=&#8220;1_4&#8243; _builder_version=&#8220;4.18.0&#8243; _module_preset=&#8220;default&#8220; global_colors_info=&#8220;{}&#8220;][\/et_pb_column][\/et_pb_row][et_pb_row column_structure=&#8220;1_3,1_3,1_3&#8243; make_equal=&#8220;on&#8220; _builder_version=&#8220;4.27.2&#8243; _module_preset=&#8220;default&#8220; global_colors_info=&#8220;{}&#8220;][et_pb_column type=&#8220;1_3&#8243; _builder_version=&#8220;4.18.0&#8243; _module_preset=&#8220;default&#8220; global_colors_info=&#8220;{}&#8220;][et_pb_text _builder_version=&#8220;4.27.2&#8243; _module_preset=&#8220;4c43b4b6-66bf-432d-959a-705bda24a650&#8243; text_font=&#8220;Arial||||||||&#8220; text_line_height=&#8220;1.8em&#8220; header_font_size=&#8220;7vw&#8220; width=&#8220;100%&#8220; custom_margin=&#8220;||10px||false|false&#8220; header_font_size_tablet=&#8220;55px&#8220; header_font_size_last_edited=&#8220;off|desktop&#8220; locked=&#8220;off&#8220; global_colors_info=&#8220;{}&#8220;]<\/p>\n<div class=\"et_pb_module et_pb_text et_pb_text_1 et_pb_text_align_left et_pb_bg_layout_light et_had_animation\">\n<div class=\"et_pb_text_inner\">\n<p>Betreiber dieser Website und verantwortlich f\u00fcr den Inhalt:<\/p>\n<\/div>\n<\/div>\n<div class=\"et_pb_module et_pb_text et_pb_text_2 et_pb_text_align_left et_pb_bg_layout_light et_had_animation\">\n<div class=\"et_pb_text_inner\">\n<p>Andrea Ilg<br \/>CH-6987 Caslano<\/p>\n<p>&nbsp;<\/p>\n<p>Mobil: +41 79 581 90 48<br \/>E-Mail: andreaevelineilg@gmail.com<\/p>\n<p>Design und Programmierung:<br \/>Natalia Frei<br \/>Web: www.nataliava.ch<\/p>\n<\/div>\n<\/div>\n<p>[\/et_pb_text][\/et_pb_column][et_pb_column type=&#8220;1_3&#8243; _builder_version=&#8220;4.18.0&#8243; _module_preset=&#8220;default&#8220; global_colors_info=&#8220;{}&#8220;][et_pb_text _builder_version=&#8220;4.27.2&#8243; _module_preset=&#8220;4c43b4b6-66bf-432d-959a-705bda24a650&#8243; text_font=&#8220;Arial||||||||&#8220; text_line_height=&#8220;1.8em&#8220; header_font_size=&#8220;7vw&#8220; width=&#8220;100%&#8220; custom_margin=&#8220;||10px||false|false&#8220; header_font_size_tablet=&#8220;55px&#8220; header_font_size_last_edited=&#8220;off|desktop&#8220; locked=&#8220;off&#8220; global_colors_info=&#8220;{}&#8220;]<\/p>\n<div class=\"et_pb_module et_pb_text et_pb_text_3 et_pb_text_align_left et_pb_bg_layout_light et_had_animation\">\n<div class=\"et_pb_text_inner\">\n<p>Ich m\u00f6chte darauf hinweisen, dass alle auf dieser Website verwendeten Bilder urheberrechtlich gesch\u00fctzt sind. Die Nutzung, Vervielf\u00e4ltigung oder Verbreitung dieser Bilder ohne ausdr\u00fcckliche Genehmigung ist untersagt.<\/p>\n<p>Die visuellen Elemente, sei es Fotografien, Illustrationen oder Grafiken, wurden sorgf\u00e4ltig ausgew\u00e4hlt oder speziell f\u00fcr unsere Webseite erstellt. Ich respektiere das geistige Eigentum und die Kreativit\u00e4t der Urheber und bitte um Verst\u00e4ndnis f\u00fcr die Einhaltung dieser rechtlichen Bestimmungen.<\/p>\n<p>Falls Sie Interesse an der Nutzung unserer Bilder haben oder Fragen zu den Urheberrechten haben, kontaktieren Sie mich bitte. Ich freue mich \u00fcber einen respektvollen Umgang mit geistigem Eigentum und danke Ihnen f\u00fcr Ihr Verst\u00e4ndnis.<\/p>\n<\/div>\n<\/div>\n<p>[\/et_pb_text][\/et_pb_column][et_pb_column type=&#8220;1_3&#8243; _builder_version=&#8220;4.18.0&#8243; _module_preset=&#8220;default&#8220; global_colors_info=&#8220;{}&#8220;][et_pb_image src=&#8220;https:\/\/shopping-assistentin.ch\/wp-content\/uploads\/2024\/10\/AdobeStock_996767346_Preview.jpeg&#8220; title_text=&#8220;AdobeStock_996767346_Preview&#8220; _builder_version=&#8220;4.27.2&#8243; _module_preset=&#8220;default&#8220; locked=&#8220;off&#8220; global_colors_info=&#8220;{}&#8220;][\/et_pb_image][et_pb_text _builder_version=&#8220;4.27.2&#8243; _module_preset=&#8220;4c43b4b6-66bf-432d-959a-705bda24a650&#8243; text_font=&#8220;Arial||||||||&#8220; text_line_height=&#8220;1.8em&#8220; header_font_size=&#8220;7vw&#8220; width=&#8220;100%&#8220; custom_margin=&#8220;||10px||false|false&#8220; header_font_size_tablet=&#8220;55px&#8220; header_font_size_last_edited=&#8220;off|desktop&#8220; locked=&#8220;off&#8220; global_colors_info=&#8220;{}&#8220;]<\/p>\n<div class=\"et_pb_module et_pb_text et_pb_text_0  et_pb_text_align_left et_pb_bg_layout_light\">\n<div class=\"et_pb_text_inner\">\n<h3>Bildernachweis:<\/h3>\n<ul>\n<li><a href=\"https:\/\/stock.adobe.com\/de\">https:\/\/stock.adobe.com\/de<\/a><\/li>\n<li>Eigene<\/li>\n<\/ul>\n<\/div>\n<\/div>\n<p>[\/et_pb_text][\/et_pb_column][\/et_pb_row][\/et_pb_section]<\/p>\n","protected":false},"excerpt":{"rendered":"<p>\/\/ Impressum Betreiber dieser Website und verantwortlich f\u00fcr den Inhalt: Andrea IlgCH-6987 Caslano &nbsp; Mobil: +41 79 581 90 48E-Mail: andreaevelineilg@gmail.com Design und Programmierung:Natalia FreiWeb: www.nataliava.ch Ich m\u00f6chte darauf hinweisen, dass alle auf dieser Website verwendeten Bilder urheberrechtlich gesch\u00fctzt sind. Die Nutzung, Vervielf\u00e4ltigung oder Verbreitung dieser Bilder ohne ausdr\u00fcckliche Genehmigung ist untersagt. Die visuellen Elemente, [&hellip;]<\/p>\n","protected":false},"author":2,"featured_media":0,"parent":0,"menu_order":3,"comment_status":"closed","ping_status":"closed","template":"","meta":{"_et_pb_use_builder":"on","_et_pb_old_content":"","_et_gb_content_width":"","footnotes":""},"class_list":["post-100","page","type-page","status-publish","hentry"],"yoast_head":"<!-- This site is optimized with the Yoast SEO plugin v23.7 - https:\/\/yoast.com\/wordpress\/plugins\/seo\/ -->\n<title>impressum - Shopping Assistentin<\/title>\n<meta name=\"robots\" content=\"index, follow, max-snippet:-1, max-image-preview:large, max-video-preview:-1\" \/>\n<link rel=\"canonical\" href=\"https:\/\/shopping-assistentin.ch\/?page_id=100\" \/>\n<meta property=\"og:locale\" content=\"de_DE\" \/>\n<meta property=\"og:type\" content=\"article\" \/>\n<meta property=\"og:title\" content=\"impressum - Shopping Assistentin\" \/>\n<meta property=\"og:description\" content=\"\/\/ Impressum Betreiber dieser Website und verantwortlich f\u00fcr den Inhalt: Andrea IlgCH-6987 Caslano &nbsp; Mobil: +41 79 581 90 48E-Mail: andreaevelineilg@gmail.com Design und Programmierung:Natalia FreiWeb: www.nataliava.ch Ich m\u00f6chte darauf hinweisen, dass alle auf dieser Website verwendeten Bilder urheberrechtlich gesch\u00fctzt sind. Die Nutzung, Vervielf\u00e4ltigung oder Verbreitung dieser Bilder ohne ausdr\u00fcckliche Genehmigung ist untersagt. Die visuellen Elemente, [&hellip;]\" \/>\n<meta property=\"og:url\" content=\"https:\/\/shopping-assistentin.ch\/?page_id=100\" \/>\n<meta property=\"og:site_name\" content=\"Shopping Assistentin\" \/>\n<meta property=\"article:modified_time\" content=\"2024-10-30T12:29:42+00:00\" \/>\n<meta name=\"twitter:card\" content=\"summary_large_image\" \/>\n<script type=\"application\/ld+json\" class=\"yoast-schema-graph\">{\"@context\":\"https:\/\/schema.org\",\"@graph\":[{\"@type\":\"WebPage\",\"@id\":\"https:\/\/shopping-assistentin.ch\/?page_id=100\",\"url\":\"https:\/\/shopping-assistentin.ch\/?page_id=100\",\"name\":\"impressum - Shopping Assistentin\",\"isPartOf\":{\"@id\":\"https:\/\/shopping-assistentin.ch\/#website\"},\"datePublished\":\"2024-10-30T12:29:08+00:00\",\"dateModified\":\"2024-10-30T12:29:42+00:00\",\"breadcrumb\":{\"@id\":\"https:\/\/shopping-assistentin.ch\/?page_id=100#breadcrumb\"},\"inLanguage\":\"de\",\"potentialAction\":[{\"@type\":\"ReadAction\",\"target\":[\"https:\/\/shopping-assistentin.ch\/?page_id=100\"]}]},{\"@type\":\"BreadcrumbList\",\"@id\":\"https:\/\/shopping-assistentin.ch\/?page_id=100#breadcrumb\",\"itemListElement\":[{\"@type\":\"ListItem\",\"position\":1,\"name\":\"Startseite\",\"item\":\"https:\/\/shopping-assistentin.ch\/\"},{\"@type\":\"ListItem\",\"position\":2,\"name\":\"impressum\"}]},{\"@type\":\"WebSite\",\"@id\":\"https:\/\/shopping-assistentin.ch\/#website\",\"url\":\"https:\/\/shopping-assistentin.ch\/\",\"name\":\"Shopping Assistentin\",\"description\":\"Ihr pers\u00f6nlicher Service aus Lugano\",\"potentialAction\":[{\"@type\":\"SearchAction\",\"target\":{\"@type\":\"EntryPoint\",\"urlTemplate\":\"https:\/\/shopping-assistentin.ch\/?s={search_term_string}\"},\"query-input\":{\"@type\":\"PropertyValueSpecification\",\"valueRequired\":true,\"valueName\":\"search_term_string\"}}],\"inLanguage\":\"de\"}]}<\/script>\n<!-- \/ Yoast SEO plugin. -->","yoast_head_json":{"title":"impressum - Shopping Assistentin","robots":{"index":"index","follow":"follow","max-snippet":"max-snippet:-1","max-image-preview":"max-image-preview:large","max-video-preview":"max-video-preview:-1"},"canonical":"https:\/\/shopping-assistentin.ch\/?page_id=100","og_locale":"de_DE","og_type":"article","og_title":"impressum - Shopping Assistentin","og_description":"\/\/ Impressum Betreiber dieser Website und verantwortlich f\u00fcr den Inhalt: Andrea IlgCH-6987 Caslano &nbsp; Mobil: +41 79 581 90 48E-Mail: andreaevelineilg@gmail.com Design und Programmierung:Natalia FreiWeb: www.nataliava.ch Ich m\u00f6chte darauf hinweisen, dass alle auf dieser Website verwendeten Bilder urheberrechtlich gesch\u00fctzt sind. Die Nutzung, Vervielf\u00e4ltigung oder Verbreitung dieser Bilder ohne ausdr\u00fcckliche Genehmigung ist untersagt. Die visuellen Elemente, [&hellip;]","og_url":"https:\/\/shopping-assistentin.ch\/?page_id=100","og_site_name":"Shopping Assistentin","article_modified_time":"2024-10-30T12:29:42+00:00","twitter_card":"summary_large_image","schema":{"@context":"https:\/\/schema.org","@graph":[{"@type":"WebPage","@id":"https:\/\/shopping-assistentin.ch\/?page_id=100","url":"https:\/\/shopping-assistentin.ch\/?page_id=100","name":"impressum - Shopping Assistentin","isPartOf":{"@id":"https:\/\/shopping-assistentin.ch\/#website"},"datePublished":"2024-10-30T12:29:08+00:00","dateModified":"2024-10-30T12:29:42+00:00","breadcrumb":{"@id":"https:\/\/shopping-assistentin.ch\/?page_id=100#breadcrumb"},"inLanguage":"de","potentialAction":[{"@type":"ReadAction","target":["https:\/\/shopping-assistentin.ch\/?page_id=100"]}]},{"@type":"BreadcrumbList","@id":"https:\/\/shopping-assistentin.ch\/?page_id=100#breadcrumb","itemListElement":[{"@type":"ListItem","position":1,"name":"Startseite","item":"https:\/\/shopping-assistentin.ch\/"},{"@type":"ListItem","position":2,"name":"impressum"}]},{"@type":"WebSite","@id":"https:\/\/shopping-assistentin.ch\/#website","url":"https:\/\/shopping-assistentin.ch\/","name":"Shopping Assistentin","description":"Ihr pers\u00f6nlicher Service aus Lugano","potentialAction":[{"@type":"SearchAction","target":{"@type":"EntryPoint","urlTemplate":"https:\/\/shopping-assistentin.ch\/?s={search_term_string}"},"query-input":{"@type":"PropertyValueSpecification","valueRequired":true,"valueName":"search_term_string"}}],"inLanguage":"de"}]}},"_links":{"self":[{"href":"https:\/\/shopping-assistentin.ch\/index.php?rest_route=\/wp\/v2\/pages\/100"}],"collection":[{"href":"https:\/\/shopping-assistentin.ch\/index.php?rest_route=\/wp\/v2\/pages"}],"about":[{"href":"https:\/\/shopping-assistentin.ch\/index.php?rest_route=\/wp\/v2\/types\/page"}],"author":[{"embeddable":true,"href":"https:\/\/shopping-assistentin.ch\/index.php?rest_route=\/wp\/v2\/users\/2"}],"replies":[{"embeddable":true,"href":"https:\/\/shopping-assistentin.ch\/index.php?rest_route=%2Fwp%2Fv2%2Fcomments&post=100"}],"version-history":[{"count":7,"href":"https:\/\/shopping-assistentin.ch\/index.php?rest_route=\/wp\/v2\/pages\/100\/revisions"}],"predecessor-version":[{"id":123,"href":"https:\/\/shopping-assistentin.ch\/index.php?rest_route=\/wp\/v2\/pages\/100\/revisions\/123"}],"wp:attachment":[{"href":"https:\/\/shopping-assistentin.ch\/index.php?rest_route=%2Fwp%2Fv2%2Fmedia&parent=100"}],"curies":[{"name":"wp","href":"https:\/\/api.w.org\/{rel}","templated":true}]}}